{"id":342,"date":"2026-04-09T13:37:42","date_gmt":"2026-04-09T13:37:42","guid":{"rendered":"https:\/\/easywolf.eu\/?page_id=342"},"modified":"2026-04-09T15:42:53","modified_gmt":"2026-04-09T15:42:53","slug":"prijave-stete","status":"publish","type":"page","link":"https:\/\/easywolf.eu\/index.php\/hr\/prijave-stete\/","title":{"rendered":"Prijave \u0161tete"},"content":{"rendered":"\n<h2 class=\"wp-block-heading has-text-align-center\" style=\"padding-top:var(--wp--preset--spacing--30);padding-right:var(--wp--preset--spacing--40);padding-bottom:var(--wp--preset--spacing--30);padding-left:var(--wp--preset--spacing--40);font-size:24px\">Prijave \u0161tete<\/h2>\n\n\n\n<p style=\"padding-right:var(--wp--preset--spacing--40);padding-left:var(--wp--preset--spacing--40);font-size:16px\">Ova analiza obuhva\u0107a izvje\u0161\u0107a o \u0161teti od 2011. do 2024. godine, koja su sustavno prikupljali inspektori za \u0161tetu i prijavljivali hrvatskom ministarstvu nadle\u017enom za za\u0161titu prirode i naknadu \u0161tete prouzro\u010dene vukovima. Kada se \u0161teta dogodi i prijavi, inspektor za \u0161tetu na tom podru\u010dju procjenjuje incident, sastavlja izvje\u0161\u0107e i \u0161alje ga ministarstvu. Izvje\u0161\u0107e treba sadr\u017eavati podatke o vrsti i iznosu \u0161tete, datumu i mjestu incidenta, imenu pogo\u0111ene strane te svim poduzetim preventivnim mjerama.<\/p>\n\n\n\n<p style=\"padding-right:var(--wp--preset--spacing--40);padding-left:var(--wp--preset--spacing--40);font-size:16px\">Izme\u0111u 2011. i 2024. godine nadle\u017enim tijelima prijavljeno je ukupno 22.840 zahtjeva za naknadu \u0161tete. U Hrvatskoj je zabilje\u017een porast prijava \u0161tete od vukova.<\/p>\n\n\n\n<div class=\"wp-block-columns is-layout-flex wp-container-core-columns-is-layout-28f84493 wp-block-columns-is-layout-flex\">\n<div class=\"wp-block-column has-global-padding is-layout-constrained wp-container-core-column-is-layout-44ea415f wp-block-column-is-layout-constrained\" style=\"padding-right:var(--wp--preset--spacing--40);padding-left:var(--wp--preset--spacing--40);flex-basis:100%\">\n<figure data-wp-context=\"{&quot;imageId&quot;:&quot;69e084e5a626a&quot;}\" data-wp-interactive=\"core\/image\" data-wp-key=\"69e084e5a626a\" class=\"wp-block-image size-full wp-lightbox-container\"><img loading=\"lazy\" decoding=\"async\" width=\"3874\" height=\"1920\" data-wp-class--hide=\"state.isContentHidden\" data-wp-class--show=\"state.isContentVisible\" data-wp-init=\"callbacks.setButtonStyles\" data-wp-on--click=\"actions.showLightbox\" data-wp-on--load=\"callbacks.setButtonStyles\" data-wp-on-window--resize=\"callbacks.setButtonStyles\" src=\"https:\/\/easywolf.eu\/wp-content\/uploads\/2026\/04\/007_Livestock_damages_year_until2024.jpg\" alt=\"\" class=\"wp-image-344\"\/><button\n\t\t\tclass=\"lightbox-trigger\"\n\t\t\ttype=\"button\"\n\t\t\taria-haspopup=\"dialog\"\n\t\t\taria-label=\"Enlarge\"\n\t\t\tdata-wp-init=\"callbacks.initTriggerButton\"\n\t\t\tdata-wp-on--click=\"actions.showLightbox\"\n\t\t\tdata-wp-style--right=\"state.imageButtonRight\"\n\t\t\tdata-wp-style--top=\"state.imageButtonTop\"\n\t\t>\n\t\t\t<svg xmlns=\"http:\/\/www.w3.org\/2000\/svg\" width=\"12\" height=\"12\" fill=\"none\" viewBox=\"0 0 12 12\">\n\t\t\t\t<path fill=\"#fff\" d=\"M2 0a2 2 0 0 0-2 2v2h1.5V2a.5.5 0 0 1 .5-.5h2V0H2Zm2 10.5H2a.5.5 0 0 1-.5-.5V8H0v2a2 2 0 0 0 2 2h2v-1.5ZM8 12v-1.5h2a.5.5 0 0 0 .5-.5V8H12v2a2 2 0 0 1-2 2H8Zm2-12a2 2 0 0 1 2 2v2h-1.5V2a.5.5 0 0 0-.5-.5H8V0h2Z\" \/>\n\t\t\t<\/svg>\n\t\t<\/button><\/figure>\n<\/div>\n<\/div>\n\n\n\n<p style=\"padding-right:var(--wp--preset--spacing--40);padding-left:var(--wp--preset--spacing--40);font-size:16px\">Od 2015. godine bilje\u017ei se godi\u0161nji porast zahtjeva za naknadu \u0161tete na stoci. Zahtjevi za naknadu \u0161tete od pasa smanjili su se od 2018., dok su zahtjevi za naknadu \u0161tete od koza i ovaca smanjeni od 2021.<br><br>Ovce su vrsta stoke s najve\u0107im brojem zahtjeva za naknadu \u0161tete, s udjelom od 56% (n = 12 499) od ukupnog broja zahtjeva, a slijede koze i goveda s 19% (n = 4 265 i n = 4 175). Psi \u010dine oko 5% (n = 1 142), a konji 2% (n = 300), \u0161to su najni\u017ei postoci zahtjeva za naknadu \u0161tete.<br><br>\u0160ibensko-kninska, Splitsko-dalmatinska i Zadarska \u017eupanija imaju najve\u0107i broj zahtjeva za naknadu \u0161tete.<\/p>\n\n\n\n<div class=\"wp-block-columns is-layout-flex wp-container-core-columns-is-layout-954ec4bb wp-block-columns-is-layout-flex\" style=\"padding-right:var(--wp--preset--spacing--40);padding-left:var(--wp--preset--spacing--40)\">\n<div class=\"wp-block-column has-medium-font-size has-global-padding is-content-justification-right is-layout-constrained wp-container-core-column-is-layout-e718c5f6 wp-block-column-is-layout-constrained\" style=\"padding-right:0;padding-left:0;flex-basis:50%\">\n<figure data-wp-context=\"{&quot;imageId&quot;:&quot;69e084e5a7790&quot;}\" data-wp-interactive=\"core\/image\" data-wp-key=\"69e084e5a7790\" class=\"wp-block-image size-full wp-lightbox-container\"><img loading=\"lazy\" decoding=\"async\" width=\"2952\" height=\"2069\" data-wp-class--hide=\"state.isContentHidden\" data-wp-class--show=\"state.isContentVisible\" data-wp-init=\"callbacks.setButtonStyles\" data-wp-on--click=\"actions.showLightbox\" data-wp-on--load=\"callbacks.setButtonStyles\" data-wp-on-window--resize=\"callbacks.setButtonStyles\" src=\"https:\/\/easywolf.eu\/wp-content\/uploads\/2026\/04\/008_Livestock_damages_county_until2024.jpg\" alt=\"\" class=\"wp-image-345\" style=\"aspect-ratio:1.4267797692342774\"\/><button\n\t\t\tclass=\"lightbox-trigger\"\n\t\t\ttype=\"button\"\n\t\t\taria-haspopup=\"dialog\"\n\t\t\taria-label=\"Enlarge\"\n\t\t\tdata-wp-init=\"callbacks.initTriggerButton\"\n\t\t\tdata-wp-on--click=\"actions.showLightbox\"\n\t\t\tdata-wp-style--right=\"state.imageButtonRight\"\n\t\t\tdata-wp-style--top=\"state.imageButtonTop\"\n\t\t>\n\t\t\t<svg xmlns=\"http:\/\/www.w3.org\/2000\/svg\" width=\"12\" height=\"12\" fill=\"none\" viewBox=\"0 0 12 12\">\n\t\t\t\t<path fill=\"#fff\" d=\"M2 0a2 2 0 0 0-2 2v2h1.5V2a.5.5 0 0 1 .5-.5h2V0H2Zm2 10.5H2a.5.5 0 0 1-.5-.5V8H0v2a2 2 0 0 0 2 2h2v-1.5ZM8 12v-1.5h2a.5.5 0 0 0 .5-.5V8H12v2a2 2 0 0 1-2 2H8Zm2-12a2 2 0 0 1 2 2v2h-1.5V2a.5.5 0 0 0-.5-.5H8V0h2Z\" \/>\n\t\t\t<\/svg>\n\t\t<\/button><\/figure>\n<\/div>\n\n\n\n<div class=\"wp-block-column has-global-padding is-content-justification-left is-layout-constrained wp-container-core-column-is-layout-77ef87db wp-block-column-is-layout-constrained\" style=\"flex-basis:50%\">\n<figure data-wp-context=\"{&quot;imageId&quot;:&quot;69e084e5a88f3&quot;}\" data-wp-interactive=\"core\/image\" data-wp-key=\"69e084e5a88f3\" class=\"wp-block-image size-full wp-lightbox-container\"><img loading=\"lazy\" decoding=\"async\" width=\"2662\" height=\"1828\" data-wp-class--hide=\"state.isContentHidden\" data-wp-class--show=\"state.isContentVisible\" data-wp-init=\"callbacks.setButtonStyles\" data-wp-on--click=\"actions.showLightbox\" data-wp-on--load=\"callbacks.setButtonStyles\" data-wp-on-window--resize=\"callbacks.setButtonStyles\" src=\"https:\/\/easywolf.eu\/wp-content\/uploads\/2026\/04\/008_Livestock_damages_species_until2024.jpg\" alt=\"\" class=\"wp-image-346\"\/><button\n\t\t\tclass=\"lightbox-trigger\"\n\t\t\ttype=\"button\"\n\t\t\taria-haspopup=\"dialog\"\n\t\t\taria-label=\"Enlarge\"\n\t\t\tdata-wp-init=\"callbacks.initTriggerButton\"\n\t\t\tdata-wp-on--click=\"actions.showLightbox\"\n\t\t\tdata-wp-style--right=\"state.imageButtonRight\"\n\t\t\tdata-wp-style--top=\"state.imageButtonTop\"\n\t\t>\n\t\t\t<svg xmlns=\"http:\/\/www.w3.org\/2000\/svg\" width=\"12\" height=\"12\" fill=\"none\" viewBox=\"0 0 12 12\">\n\t\t\t\t<path fill=\"#fff\" d=\"M2 0a2 2 0 0 0-2 2v2h1.5V2a.5.5 0 0 1 .5-.5h2V0H2Zm2 10.5H2a.5.5 0 0 1-.5-.5V8H0v2a2 2 0 0 0 2 2h2v-1.5ZM8 12v-1.5h2a.5.5 0 0 0 .5-.5V8H12v2a2 2 0 0 1-2 2H8Zm2-12a2 2 0 0 1 2 2v2h-1.5V2a.5.5 0 0 0-.5-.5H8V0h2Z\" \/>\n\t\t\t<\/svg>\n\t\t<\/button><\/figure>\n<\/div>\n<\/div>\n\n\n\n<p><\/p>\n","protected":false},"excerpt":{"rendered":"<p>Prijave \u0161tete Ova analiza obuhva\u0107a izvje\u0161\u0107a o \u0161teti od 2011. do 2024. godine, koja su sustavno prikupljali inspektori za \u0161tetu i prijavljivali hrvatskom ministarstvu nadle\u017enom za za\u0161titu prirode i naknadu \u0161tete prouzro\u010dene vukovima. Kada se \u0161teta dogodi i prijavi, inspektor za \u0161tetu na tom podru\u010dju procjenjuje incident, sastavlja izvje\u0161\u0107e i \u0161alje ga ministarstvu. Izvje\u0161\u0107e treba [&hellip;]<\/p>\n","protected":false},"author":1,"featured_media":0,"parent":48,"menu_order":0,"comment_status":"closed","ping_status":"closed","template":"","meta":{"footnotes":""},"class_list":["post-342","page","type-page","status-publish","hentry"],"_links":{"self":[{"href":"https:\/\/easywolf.eu\/index.php\/wp-json\/wp\/v2\/pages\/342","targetHints":{"allow":["GET"]}}],"collection":[{"href":"https:\/\/easywolf.eu\/index.php\/wp-json\/wp\/v2\/pages"}],"about":[{"href":"https:\/\/easywolf.eu\/index.php\/wp-json\/wp\/v2\/types\/page"}],"author":[{"embeddable":true,"href":"https:\/\/easywolf.eu\/index.php\/wp-json\/wp\/v2\/users\/1"}],"replies":[{"embeddable":true,"href":"https:\/\/easywolf.eu\/index.php\/wp-json\/wp\/v2\/comments?post=342"}],"version-history":[{"count":14,"href":"https:\/\/easywolf.eu\/index.php\/wp-json\/wp\/v2\/pages\/342\/revisions"}],"predecessor-version":[{"id":433,"href":"https:\/\/easywolf.eu\/index.php\/wp-json\/wp\/v2\/pages\/342\/revisions\/433"}],"up":[{"embeddable":true,"href":"https:\/\/easywolf.eu\/index.php\/wp-json\/wp\/v2\/pages\/48"}],"wp:attachment":[{"href":"https:\/\/easywolf.eu\/index.php\/wp-json\/wp\/v2\/media?parent=342"}],"curies":[{"name":"wp","href":"https:\/\/api.w.org\/{rel}","templated":true}]}}